{"id":14,"date":"2025-11-06T11:13:09","date_gmt":"2025-11-06T09:13:09","guid":{"rendered":"https:\/\/pantaleeva.softuni.space\/?page_id=14"},"modified":"2026-01-29T10:48:28","modified_gmt":"2026-01-29T08:48:28","slug":"za-nas","status":"publish","type":"page","link":"https:\/\/pantaleeva.softuni.space\/","title":{"rendered":"\u0417\u0430 \u043d\u0430\u0441"},"content":{"rendered":"\t\t<div data-elementor-type=\"wp-page\" data-elementor-id=\"14\" class=\"elementor elementor-14\">\n\t\t\t\t<div class=\"elementor-element elementor-element-d80eb42 e-flex e-con-boxed e-con e-parent\" data-id=\"d80eb42\" data-element_type=\"container\" data-settings=\"{&quot;background_background&quot;:&quot;classic&quot;}\">\n\t\t\t\t\t<div class=\"e-con-inner\">\n\t\t<div class=\"elementor-element elementor-element-aadb7df e-con-full e-flex e-con e-child\" data-id=\"aadb7df\" data-element_type=\"container\">\n\t\t\t\t<div class=\"elementor-element elementor-element-47da6f0 elementor-widget elementor-widget-heading\" data-id=\"47da6f0\" data-element_type=\"widget\" data-widget_type=\"heading.default\">\n\t\t\t\t\t<h2 class=\"elementor-heading-title elementor-size-default\">Our story<\/h2>\t\t\t\t<\/div>\n\t\t\t\t<\/div>\n\t\t<div class=\"elementor-element elementor-element-11eb08c e-con-full e-flex e-con e-child\" data-id=\"11eb08c\" data-element_type=\"container\">\n\t\t\t\t<div class=\"elementor-element elementor-element-abd19f5 elementor-widget elementor-widget-image\" data-id=\"abd19f5\" data-element_type=\"widget\" data-widget_type=\"image.default\">\n\t\t\t\t\t\t\t\t\t\t\t\t\t\t\t<img fetchpriority=\"high\" decoding=\"async\" width=\"800\" height=\"636\" src=\"https:\/\/pantaleeva.softuni.space\/wp-content\/uploads\/2026\/01\/ph5ijpnf6za-1024x814.jpg\" class=\"attachment-large size-large wp-image-77\" alt=\"person holding bowl with food\" srcset=\"https:\/\/pantaleeva.softuni.space\/wp-content\/uploads\/2026\/01\/ph5ijpnf6za-1024x814.jpg 1024w, https:\/\/pantaleeva.softuni.space\/wp-content\/uploads\/2026\/01\/ph5ijpnf6za-300x239.jpg 300w, https:\/\/pantaleeva.softuni.space\/wp-content\/uploads\/2026\/01\/ph5ijpnf6za-768x611.jpg 768w, https:\/\/pantaleeva.softuni.space\/wp-content\/uploads\/2026\/01\/ph5ijpnf6za.jpg 1509w\" sizes=\"(max-width: 800px) 100vw, 800px\" \/>\t\t\t\t\t\t\t\t\t\t\t\t\t\t\t<\/div>\n\t\t\t\t<\/div>\n\t\t\t\t\t<\/div>\n\t\t\t\t<\/div>\n\t\t<div class=\"elementor-element elementor-element-174a204 e-flex e-con-boxed e-con e-parent\" data-id=\"174a204\" data-element_type=\"container\" data-settings=\"{&quot;background_background&quot;:&quot;classic&quot;}\">\n\t\t\t\t\t<div class=\"e-con-inner\">\n\t\t<div class=\"elementor-element elementor-element-8154997 e-con-full e-flex e-con e-child\" data-id=\"8154997\" data-element_type=\"container\">\n\t\t\t\t<\/div>\n\t\t<div class=\"elementor-element elementor-element-b773864 e-con-full e-flex e-con e-child\" data-id=\"b773864\" data-element_type=\"container\">\n\t\t\t\t<div class=\"elementor-element elementor-element-3323fcf elementor-widget elementor-widget-text-editor\" data-id=\"3323fcf\" data-element_type=\"widget\" data-widget_type=\"text-editor.default\">\n\t\t\t\t\t\t\t\t\t<p data-start=\"163\" data-end=\"698\">We create fresh and delicious a\u00e7a\u00ed desserts made with carefully selected ingredients and a passion for healthy living. Our a\u00e7a\u00ed bowls are crafted to deliver the perfect balance between flavor and nutrition, making them an ideal choice for anyone who wants a wholesome and refreshing dessert. We focus on quality, simplicity, and natural ingredients, ensuring that every bowl is both satisfying and nourishing. Our goal is to inspire healthier choices by showing that nutritious food can also be beautiful, enjoyable, and full of taste.<\/p>\t\t\t\t\t\t\t\t<\/div>\n\t\t\t\t<\/div>\n\t\t<div class=\"elementor-element elementor-element-5a6f14d e-con-full e-flex e-con e-child\" data-id=\"5a6f14d\" data-element_type=\"container\">\n\t\t\t\t<\/div>\n\t\t\t\t\t<\/div>\n\t\t\t\t<\/div>\n\t\t<div class=\"elementor-element elementor-element-6cd8564 e-flex e-con-boxed e-con e-parent\" data-id=\"6cd8564\" data-element_type=\"container\" data-settings=\"{&quot;background_background&quot;:&quot;classic&quot;}\">\n\t\t\t\t\t<div class=\"e-con-inner\">\n\t\t<div class=\"elementor-element elementor-element-f8384de e-con-full e-flex e-con e-child\" data-id=\"f8384de\" data-element_type=\"container\">\n\t\t\t\t<div class=\"elementor-element elementor-element-c56fe74 elementor-widget elementor-widget-image\" data-id=\"c56fe74\" data-element_type=\"widget\" data-widget_type=\"image.default\">\n\t\t\t\t\t\t\t\t\t\t\t\t\t\t\t<img decoding=\"async\" width=\"500\" height=\"500\" src=\"https:\/\/pantaleeva.softuni.space\/wp-content\/uploads\/2026\/01\/vegan-acai-bowl-featured-image-1-removebg-preview.png\" class=\"attachment-large size-large wp-image-46\" alt=\"\" srcset=\"https:\/\/pantaleeva.softuni.space\/wp-content\/uploads\/2026\/01\/vegan-acai-bowl-featured-image-1-removebg-preview.png 500w, https:\/\/pantaleeva.softuni.space\/wp-content\/uploads\/2026\/01\/vegan-acai-bowl-featured-image-1-removebg-preview-300x300.png 300w, https:\/\/pantaleeva.softuni.space\/wp-content\/uploads\/2026\/01\/vegan-acai-bowl-featured-image-1-removebg-preview-150x150.png 150w\" sizes=\"(max-width: 500px) 100vw, 500px\" \/>\t\t\t\t\t\t\t\t\t\t\t\t\t\t\t<\/div>\n\t\t\t\t<\/div>\n\t\t<div class=\"elementor-element elementor-element-b8ca5c5 e-con-full e-flex e-con e-child\" data-id=\"b8ca5c5\" data-element_type=\"container\">\n\t\t<div class=\"elementor-element elementor-element-b1eb07e e-con-full e-flex e-con e-child\" data-id=\"b1eb07e\" data-element_type=\"container\">\n\t\t\t\t<div class=\"elementor-element elementor-element-d029925 elementor-widget elementor-widget-heading\" data-id=\"d029925\" data-element_type=\"widget\" data-widget_type=\"heading.default\">\n\t\t\t\t\t<h2 class=\"elementor-heading-title elementor-size-default\">Fresh, healthy, <br>and full of flavor \u2014 <br>made to energize your day.<\/h2>\t\t\t\t<\/div>\n\t\t\t\t<\/div>\n\t\t<div class=\"elementor-element elementor-element-f987c5e e-con-full e-flex e-con e-child\" data-id=\"f987c5e\" data-element_type=\"container\">\n\t\t\t\t<div class=\"elementor-element elementor-element-c7e5250 elementor-widget elementor-widget-text-editor\" data-id=\"c7e5250\" data-element_type=\"widget\" data-widget_type=\"text-editor.default\">\n\t\t\t\t\t\t\t\t\t<p class=\"cvGsUA direction-ltr align-center para-style-body\"><span class=\"a_GcMg font-feature-liga-off font-feature-clig-off font-feature-calt-off text-decoration-none text-strikethrough-none\">123 Anywhere St., Any City, ST 12345<\/span><\/p><p class=\"cvGsUA direction-ltr align-center para-style-body\"><span class=\"a_GcMg font-feature-liga-off font-feature-clig-off font-feature-calt-off text-decoration-none text-strikethrough-none\">hello@reallygreatsite.com<\/span><\/p><p class=\"cvGsUA direction-ltr align-center para-style-body\"><span class=\"a_GcMg font-feature-liga-off font-feature-clig-off font-feature-calt-off text-decoration-none text-strikethrough-none\">123-456-789<\/span><\/p><p>\u00a0<\/p>\t\t\t\t\t\t\t\t<\/div>\n\t\t\t\t<\/div>\n\t\t\t\t<div class=\"elementor-element elementor-element-77bc070 elementor-align-left elementor-widget elementor-widget-button\" data-id=\"77bc070\" data-element_type=\"widget\" data-widget_type=\"button.default\">\n\t\t\t\t\t\t\t\t\t\t<a class=\"elementor-button elementor-button-link elementor-size-sm\" href=\"#\">\n\t\t\t\t\t\t<span class=\"elementor-button-content-wrapper\">\n\t\t\t\t\t\t\t\t\t<span class=\"elementor-button-text\">Order now!<\/span>\n\t\t\t\t\t<\/span>\n\t\t\t\t\t<\/a>\n\t\t\t\t\t\t\t\t<\/div>\n\t\t\t\t<\/div>\n\t\t\t\t\t<\/div>\n\t\t\t\t<\/div>\n\t\t\t\t<\/div>\n\t\t","protected":false},"excerpt":{"rendered":"<p>Our story We create fresh and delicious a\u00e7a\u00ed desserts made with carefully selected ingredients and a passion for healthy living. Our a\u00e7a\u00ed bowls are crafted to deliver the perfect balance between flavor and nutrition, making them an ideal choice for anyone who wants a wholesome and refreshing dessert. We focus on quality, simplicity, and natural [&hellip;]<\/p>\n","protected":false},"author":2,"featured_media":0,"parent":0,"menu_order":0,"comment_status":"closed","ping_status":"closed","template":"","meta":{"footnotes":""},"class_list":["post-14","page","type-page","status-publish","hentry"],"_links":{"self":[{"href":"https:\/\/pantaleeva.softuni.space\/index.php?rest_route=\/wp\/v2\/pages\/14","targetHints":{"allow":["GET"]}}],"collection":[{"href":"https:\/\/pantaleeva.softuni.space\/index.php?rest_route=\/wp\/v2\/pages"}],"about":[{"href":"https:\/\/pantaleeva.softuni.space\/index.php?rest_route=\/wp\/v2\/types\/page"}],"author":[{"embeddable":true,"href":"https:\/\/pantaleeva.softuni.space\/index.php?rest_route=\/wp\/v2\/users\/2"}],"replies":[{"embeddable":true,"href":"https:\/\/pantaleeva.softuni.space\/index.php?rest_route=%2Fwp%2Fv2%2Fcomments&post=14"}],"version-history":[{"count":10,"href":"https:\/\/pantaleeva.softuni.space\/index.php?rest_route=\/wp\/v2\/pages\/14\/revisions"}],"predecessor-version":[{"id":80,"href":"https:\/\/pantaleeva.softuni.space\/index.php?rest_route=\/wp\/v2\/pages\/14\/revisions\/80"}],"wp:attachment":[{"href":"https:\/\/pantaleeva.softuni.space\/index.php?rest_route=%2Fwp%2Fv2%2Fmedia&parent=14"}],"curies":[{"name":"wp","href":"https:\/\/api.w.org\/{rel}","templated":true}]}}